{"id":6019,"date":"2022-05-20T11:07:23","date_gmt":"2022-05-20T09:07:23","guid":{"rendered":"https:\/\/africagreentec.com.dev.kalayourlife.com\/contact\/"},"modified":"2024-08-13T10:30:38","modified_gmt":"2024-08-13T08:30:38","slug":"contact","status":"publish","type":"page","link":"https:\/\/africagreentec.com.dev.kalayourlife.com\/fr\/contact\/","title":{"rendered":"Contact"},"content":{"rendered":"\t\t<div data-elementor-type=\"wp-page\" data-elementor-id=\"6019\" class=\"elementor elementor-6019 elementor-19\" data-elementor-post-type=\"page\">\n\t\t\t\t\t\t\t\t\t<section class=\"elementor-section elementor-top-section elementor-element elementor-element-91f9d06 elementor-section-boxed elementor-section-height-default elementor-section-height-default\" data-id=\"91f9d06\" data-element_type=\"section\">\n\t\t\t\t\t\t<div class=\"elementor-container elementor-column-gap-default\">\n\t\t\t\t\t<div class=\"elementor-column elementor-col-100 elementor-top-column elementor-element elementor-element-ed07ef5\" data-id=\"ed07ef5\" data-element_type=\"column\">\n\t\t\t<div class=\"elementor-widget-wrap elementor-element-populated\">\n\t\t\t\t\t\t\t\t<div class=\"elementor-element elementor-element-578512c elementor-widget elementor-widget-kyl_breadcrumb\" data-id=\"578512c\" data-element_type=\"widget\" data-widget_type=\"kyl_breadcrumb.default\">\n\t\t\t\t<div class=\"elementor-widget-container\">\n\t\t\t\n        <div class=\"kyl_breadcrumb\">\n            <div class=\"wrapper\">\n                <a class=\"home\" href=\"\/\">Home<\/a>\n\n\t\t\t\t            <span class=\"delimiter\"><\/span>\n\t\t\t                <span>Contact<\/span>\n\t\t\t            <\/div>\n        <\/div>\n\t\t\t\t<\/div>\n\t\t\t\t<\/div>\n\t\t\t\t<div class=\"elementor-element elementor-element-ac0994d elementor-widget elementor-widget-spacer\" data-id=\"ac0994d\" data-element_type=\"widget\" data-widget_type=\"spacer.default\">\n\t\t\t\t<div class=\"elementor-widget-container\">\n\t\t\t<style>\/*! elementor - v3.16.0 - 17-10-2023 *\/\n.elementor-column .elementor-spacer-inner{height:var(--spacer-size)}.e-con{--container-widget-width:100%}.e-con-inner>.elementor-widget-spacer,.e-con>.elementor-widget-spacer{width:var(--container-widget-width,var(--spacer-size));--align-self:var(--container-widget-align-self,initial);--flex-shrink:0}.e-con-inner>.elementor-widget-spacer>.elementor-widget-container,.e-con>.elementor-widget-spacer>.elementor-widget-container{height:100%;width:100%}.e-con-inner>.elementor-widget-spacer>.elementor-widget-container>.elementor-spacer,.e-con>.elementor-widget-spacer>.elementor-widget-container>.elementor-spacer{height:100%}.e-con-inner>.elementor-widget-spacer>.elementor-widget-container>.elementor-spacer>.elementor-spacer-inner,.e-con>.elementor-widget-spacer>.elementor-widget-container>.elementor-spacer>.elementor-spacer-inner{height:var(--container-widget-height,var(--spacer-size))}.e-con-inner>.elementor-widget-spacer.elementor-widget-empty,.e-con>.elementor-widget-spacer.elementor-widget-empty{position:relative;min-height:22px;min-width:22px}.e-con-inner>.elementor-widget-spacer.elementor-widget-empty .elementor-widget-empty-icon,.e-con>.elementor-widget-spacer.elementor-widget-empty .elementor-widget-empty-icon{position:absolute;top:0;bottom:0;left:0;right:0;margin:auto;padding:0;width:22px;height:22px}<\/style>\t\t<div class=\"elementor-spacer\">\n\t\t\t<div class=\"elementor-spacer-inner\"><\/div>\n\t\t<\/div>\n\t\t\t\t<\/div>\n\t\t\t\t<\/div>\n\t\t\t\t<div class=\"elementor-element elementor-element-5062c5c wpcf7Headline elementor-widget elementor-widget-kyl_headline\" data-id=\"5062c5c\" data-element_type=\"widget\" data-widget_type=\"kyl_headline.default\">\n\t\t\t\t<div class=\"elementor-widget-container\">\n\t\t\t\n        <div class=\"kyl_headline\">\n            <div class=\"container\">\n\n                <h1 class=\"headline\">\n                    Prenez contact avec nous                <\/h1>\n\n            <\/div>\n        <\/div>\n\n\t\t\t\t<\/div>\n\t\t\t\t<\/div>\n\t\t\t\t<div class=\"elementor-element elementor-element-0d7f9fe elementor-widget elementor-widget-spacer\" data-id=\"0d7f9fe\" data-element_type=\"widget\" data-widget_type=\"spacer.default\">\n\t\t\t\t<div class=\"elementor-widget-container\">\n\t\t\t\t\t<div class=\"elementor-spacer\">\n\t\t\t<div class=\"elementor-spacer-inner\"><\/div>\n\t\t<\/div>\n\t\t\t\t<\/div>\n\t\t\t\t<\/div>\n\t\t\t\t\t<\/div>\n\t\t<\/div>\n\t\t\t\t\t\t\t<\/div>\n\t\t<\/section>\n\t\t\t\t<section class=\"elementor-section elementor-top-section elementor-element elementor-element-b422196 elementor-section-boxed elementor-section-height-default elementor-section-height-default\" data-id=\"b422196\" data-element_type=\"section\">\n\t\t\t\t\t\t<div class=\"elementor-container elementor-column-gap-default\">\n\t\t\t\t\t<div class=\"elementor-column elementor-col-100 elementor-top-column elementor-element elementor-element-0a7d578\" data-id=\"0a7d578\" data-element_type=\"column\">\n\t\t\t<div class=\"elementor-widget-wrap elementor-element-populated\">\n\t\t\t\t\t\t\t\t<div class=\"elementor-element elementor-element-e407401 elementor-widget elementor-widget-shortcode\" data-id=\"e407401\" data-element_type=\"widget\" data-widget_type=\"shortcode.default\">\n\t\t\t\t<div class=\"elementor-widget-container\">\n\t\t\t\t\t<div class=\"elementor-shortcode\">\n<div class=\"wpcf7 no-js\" id=\"wpcf7-f39619-o1\" lang=\"fr-FR\" dir=\"ltr\">\n<div class=\"screen-reader-response\"><p role=\"status\" aria-live=\"polite\" aria-atomic=\"true\"><\/p> <ul><\/ul><\/div>\n<form action=\"\/fr\/wp-json\/wp\/v2\/pages\/6019#wpcf7-f39619-o1\" method=\"post\" class=\"wpcf7-form init\" aria-label=\"Formulaire de contact\" novalidate=\"novalidate\" data-status=\"init\">\n<div style=\"display: none;\">\n<input type=\"hidden\" name=\"_wpcf7\" value=\"39619\" \/>\n<input type=\"hidden\" name=\"_wpcf7_version\" value=\"5.8.1\" \/>\n<input type=\"hidden\" name=\"_wpcf7_locale\" value=\"fr_FR\" \/>\n<input type=\"hidden\" name=\"_wpcf7_unit_tag\" value=\"wpcf7-f39619-o1\" \/>\n<input type=\"hidden\" name=\"_wpcf7_container_post\" value=\"0\" \/>\n<input type=\"hidden\" name=\"_wpcf7_posted_data_hash\" value=\"\" \/>\n<\/div>\n<div class=\"contactform\">\n\t<div class=\"form\">\n\t\t<p class=\"width-2 field-inside-vorname\"><br \/>\n<label class=\"field-vorname\"><br \/>\n<span class=\"label\">Pr\u00e9nom *<\/span><br \/>\n<span class=\"wpcf7-form-control-wrap\" data-name=\"kf-vorname\"><input size=\"40\" class=\"wpcf7-form-control wpcf7-text wpcf7-validates-as-required\" autocomplete=\"given-name\" aria-required=\"true\" aria-invalid=\"false\" placeholder=\"Pr\u00e9nom\" value=\"\" type=\"text\" name=\"kf-vorname\" \/><\/span><br \/>\n<\/label>\n\t\t<\/p>\n\t\t<p class=\"width-2 field-inside-name\"><br \/>\n<label class=\"field-nachname\"><br \/>\n<span class=\"label\">Nom *<\/span><br \/>\n<span class=\"wpcf7-form-control-wrap\" data-name=\"kf-nachname\"><input size=\"40\" class=\"wpcf7-form-control wpcf7-text wpcf7-validates-as-required\" autocomplete=\"family-name\" aria-required=\"true\" aria-invalid=\"false\" placeholder=\"Nom\" value=\"\" type=\"text\" name=\"kf-nachname\" \/><\/span><br \/>\n<\/label>\n\t\t<\/p>\n\t\t<p class=\"width-2 field-inside-email\"><br \/>\n<label class=\"field-email\"><br \/>\n<span class=\"label\">Adresse e-mail *<\/span><br \/>\n<span class=\"wpcf7-form-control-wrap\" data-name=\"kf-email\"><input size=\"40\" class=\"wpcf7-form-control wpcf7-email wpcf7-validates-as-required wpcf7-text wpcf7-validates-as-email\" autocomplete=\"email\" aria-required=\"true\" aria-invalid=\"false\" placeholder=\"Adresse e-mail\" value=\"\" type=\"email\" name=\"kf-email\" \/><\/span><br \/>\n<\/label>\n\t\t<\/p>\n\t\t<p class=\"width-2 field-inside-telefon\"><br \/>\n<label class=\"field-telefon\"><br \/>\n<span class=\"label\">Num\u00e9ro de t\u00e9l\u00e9phone<\/span><br \/>\n<span class=\"wpcf7-form-control-wrap\" data-name=\"kf-telefon\"><input size=\"40\" class=\"wpcf7-form-control wpcf7-tel wpcf7-text wpcf7-validates-as-tel\" autocomplete=\"phone\" aria-invalid=\"false\" placeholder=\"Num\u00e9ro de t\u00e9l\u00e9phone\" value=\"\" type=\"tel\" name=\"kf-telefon\" \/><\/span><br \/>\n<\/label>\n\t\t<\/p>\n\t\t<p class=\"width-2 field-inside-grund-der-kontaktaufnahme\"><br \/>\n<label class=\"field-grund-der-kontaktaufnahme\"><br \/>\n<span class=\"label\">Raison du contact<\/span><br \/>\n<span class=\"wpcf7-form-control-wrap\" data-name=\"kf-grund-der-kontaktaufnahme\"><select class=\"wpcf7-form-control wpcf7-select\" aria-invalid=\"false\" name=\"kf-grund-der-kontaktaufnahme\"><option value=\"S\u00e9lectionner\">S\u00e9lectionner<\/option><option value=\"Investir\">Investir<\/option><option value=\"Devenir partenaire de projet\">Devenir partenaire de projet<\/option><option value=\"Coop\u00e9ration\">Coop\u00e9ration<\/option><option value=\"Informations sur le produit\">Informations sur le produit<\/option><option value=\"Candidature\">Candidature<\/option><option value=\"B\u00e9n\u00e9volat\">B\u00e9n\u00e9volat<\/option><option value=\"Recherche\">Recherche<\/option><option value=\"Demandes de presse\">Demandes de presse<\/option><option value=\"Informations g\u00e9n\u00e9rales\">Informations g\u00e9n\u00e9rales<\/option><option value=\"Autre\">Autre<\/option><\/select><\/span><br \/>\n<\/label>\n\t\t<\/p>\n\t\t<p class=\"width-2 field-inside-wie-hast-du-von-agt-erfahren\"><br \/>\n<label class=\"field-wie-hast-du-von-agt-erfahren\"><br \/>\n<span class=\"label\">Comment avez-vous entendu parler d'AGT? *<\/span><br \/>\n<span class=\"wpcf7-form-control-wrap\" data-name=\"kf-wie-hast-du-von-agt-erfahren\"><select class=\"wpcf7-form-control wpcf7-select wpcf7-validates-as-required\" aria-required=\"true\" aria-invalid=\"false\" name=\"kf-wie-hast-du-von-agt-erfahren\"><option value=\"S\u00e9lectionner\">S\u00e9lectionner<\/option><option value=\"Recherche en ligne\">Recherche en ligne<\/option><option value=\"Amis\">Amis<\/option><option value=\"Employ\u00e9s\">Employ\u00e9s<\/option><option value=\"Facebook\">Facebook<\/option><option value=\"Youtube\">Youtube<\/option><option value=\"TV\">TV<\/option><option value=\"Linkedin\">Linkedin<\/option><option value=\"Presse\">Presse<\/option><option value=\"Salon professionnel\">Salon professionnel<\/option><option value=\"Contact\u00e9 pr\u00e9c\u00e9demment\">Contact\u00e9 pr\u00e9c\u00e9demment<\/option><option value=\"Autre\">Autre<\/option><\/select><\/span><br \/>\n<\/label>\n\t\t<\/p>\n\t\t<p class=\"width-1 field-inside-nachricht\"><br \/>\n<label class=\"field-nachricht\"><br \/>\n<span class=\"label\">Message *<\/span><br \/>\n<span class=\"wpcf7-form-control-wrap\" data-name=\"kf-nachricht\"><textarea cols=\"40\" rows=\"4\" class=\"wpcf7-form-control wpcf7-textarea wpcf7-validates-as-required\" aria-required=\"true\" aria-invalid=\"false\" placeholder=\"Message\" name=\"kf-nachricht\"><\/textarea><\/span><br \/>\n<\/label>\n\t\t<\/p>\n\t\t<p class=\"width-1 field-inside-newsletter\"><br \/>\n<label class=\"field-newsletter\"><br \/>\n<span class=\"wpcf7-form-control-wrap\" data-name=\"kf-newsletter\"><span class=\"wpcf7-form-control wpcf7-checkbox\"><span class=\"wpcf7-list-item first last\"><input type=\"checkbox\" name=\"kf-newsletter[]\" value=\"Je souhaite \u00eatre inform\u00e9(e) du travail d&#039;Africa GreenTec.\" \/><span class=\"wpcf7-list-item-label\">Je souhaite \u00eatre inform\u00e9(e) du travail d&#039;Africa GreenTec.<\/span><\/span><\/span><\/span><br \/>\n<\/label>\n\t\t<\/p>\n\t\t<p class=\"width-1 field-inside-datenschutz\"><br \/>\n<label class=\"field-datenschutz\"><br \/>\n<span class=\"wpcf7-form-control-wrap\" data-name=\"kf-datenschutz\"><span class=\"wpcf7-form-control wpcf7-acceptance\"><span class=\"wpcf7-list-item\"><label><input type=\"checkbox\" name=\"kf-datenschutz\" value=\"1\" aria-invalid=\"false\" \/><span class=\"wpcf7-list-item-label\">*Je consens \u00e0 ce que mes informations et donn\u00e9es soient collect\u00e9es et stock\u00e9es \u00e9lectroniquement pour r\u00e9pondre \u00e0 ma demande. Remarque : Vous pouvez r\u00e9voquer votre consentement \u00e0 tout moment pour l'avenir en envoyant un e-mail \u00e0 <a href=\"mailto:info@africagreentec.com\">info@africagreentec.com<\/a>.<\/span><\/label><\/span><\/span><\/span><br \/>\n<\/label>\n\t\t<\/p>\n\t\t<p class=\"width-1 field-inside-absenden\"><br \/>\n<label class=\"field-absenden\"><br \/>\n<input class=\"wpcf7-form-control wpcf7-submit has-spinner\" type=\"submit\" value=\"Envoyer\" \/><br \/>\n<\/label>\n\t\t<\/p>\n\t<\/div>\n\t<div class=\"successMessage\" style=\"display: none;\">\n\t\t<div class=\"icon\">\n\t\t\t<lottie-player class=\"lottiePlayer\" src=\"\/wp-content\/themes\/kyltheme\/assets\/lottiefiles\/AGT_15_Piktogramm_Konfetti_dunkel.json\" background=\"transparent\">\n\t\t\t<\/lottie-player>\n\t\t<\/div>\n\t\t<div class=\"heading\">\n\t\t\t<p>Nous vous remercions pour votre demande !\n\t\t\t<\/p>\n\t\t<\/div>\n\t\t<div class=\"text\">\n\t\t\t<p>Nous allons le traiter et nous reviendrons vers vous d\u00e8s que possible.\n\t\t\t<\/p>\n\t\t\t<p>Comme nous sommes une petite \u00e9quipe, il se pourrait qu'il y ait un d\u00e9lai de quelques jours avant d'obtenir une r\u00e9ponse de notre part.\n\t\t\t<\/p>\n\t\t\t<p>Merci de votre compr\u00e9hension !\n\t\t\t<\/p>\n\t\t<\/div>\n\t\t<div class=\"button\">\n\t\t\t<p><a href=\"\/fr\/\">Retour \u00e0 l'accueil<\/a>\n\t\t\t<\/p>\n\t\t<\/div>\n\t\t<div class=\"quote\">\n\t\t\t<p>Nous faisons.\n\t\t\t<\/p>\n\t\t<\/div>\n\t<\/div>\n<\/div><div class=\"wpcf7-response-output\" aria-hidden=\"true\"><\/div>\n<\/form>\n<\/div>\n<\/div>\n\t\t\t\t<\/div>\n\t\t\t\t<\/div>\n\t\t\t\t\t<\/div>\n\t\t<\/div>\n\t\t\t\t\t\t\t<\/div>\n\t\t<\/section>\n\t\t\t\t\t\t\t<\/div>\n\t\t","protected":false},"excerpt":{"rendered":"<p>Home Contact Prenez contact avec nous<\/p>\n","protected":false},"author":2,"featured_media":0,"parent":0,"menu_order":0,"comment_status":"closed","ping_status":"closed","template":"","meta":{"footnotes":""},"acf":[],"yoast_head":"<!-- This site is optimized with the Yoast SEO plugin v21.4 - https:\/\/yoast.com\/wordpress\/plugins\/seo\/ -->\n<title>Contact - Africa GreenTec AG<\/title>\n<meta name=\"robots\" content=\"noindex, follow, max-snippet:-1, max-image-preview:large, max-video-preview:-1\" \/>\n<meta property=\"og:locale\" content=\"fr_FR\" \/>\n<meta property=\"og:type\" content=\"article\" \/>\n<meta property=\"og:title\" content=\"Contact - Africa GreenTec AG\" \/>\n<meta property=\"og:description\" content=\"Home Contact Prenez contact avec nous\" \/>\n<meta property=\"og:url\" content=\"https:\/\/africagreentec.com.dev.kalayourlife.com\/fr\/contact\/\" \/>\n<meta property=\"og:site_name\" content=\"Africa GreenTec AG\" \/>\n<meta property=\"article:publisher\" content=\"https:\/\/de-de.facebook.com\/AfricaGreenTec\/\" \/>\n<meta property=\"article:modified_time\" content=\"2024-08-13T08:30:38+00:00\" \/>\n<meta name=\"twitter:card\" content=\"summary_large_image\" \/>\n<meta name=\"twitter:site\" content=\"@AfricaGreenTec\" \/>\n<meta name=\"twitter:label1\" content=\"Dur\u00e9e de lecture estim\u00e9e\" \/>\n\t<meta name=\"twitter:data1\" content=\"1 minute\" \/>\n<script type=\"application\/ld+json\" class=\"yoast-schema-graph\">{\"@context\":\"https:\/\/schema.org\",\"@graph\":[{\"@type\":\"WebPage\",\"@id\":\"https:\/\/africagreentec.com.dev.kalayourlife.com\/fr\/contact\/\",\"url\":\"https:\/\/africagreentec.com.dev.kalayourlife.com\/fr\/contact\/\",\"name\":\"Contact - Africa GreenTec AG\",\"isPartOf\":{\"@id\":\"https:\/\/africagreentec.com.dev.kalayourlife.com\/fr\/#website\"},\"datePublished\":\"2022-05-20T09:07:23+00:00\",\"dateModified\":\"2024-08-13T08:30:38+00:00\",\"breadcrumb\":{\"@id\":\"https:\/\/africagreentec.com.dev.kalayourlife.com\/fr\/contact\/#breadcrumb\"},\"inLanguage\":\"fr-FR\",\"potentialAction\":[{\"@type\":\"ReadAction\",\"target\":[\"https:\/\/africagreentec.com.dev.kalayourlife.com\/fr\/contact\/\"]}]},{\"@type\":\"BreadcrumbList\",\"@id\":\"https:\/\/africagreentec.com.dev.kalayourlife.com\/fr\/contact\/#breadcrumb\",\"itemListElement\":[{\"@type\":\"ListItem\",\"position\":1,\"name\":\"Startseite\",\"item\":\"https:\/\/africagreentec.com.dev.kalayourlife.com\/fr\/\"},{\"@type\":\"ListItem\",\"position\":2,\"name\":\"Contact\"}]},{\"@type\":\"WebSite\",\"@id\":\"https:\/\/africagreentec.com.dev.kalayourlife.com\/fr\/#website\",\"url\":\"https:\/\/africagreentec.com.dev.kalayourlife.com\/fr\/\",\"name\":\"Africa GreenTec AG\",\"description\":\"\",\"publisher\":{\"@id\":\"https:\/\/africagreentec.com.dev.kalayourlife.com\/fr\/#organization\"},\"potentialAction\":[{\"@type\":\"SearchAction\",\"target\":{\"@type\":\"EntryPoint\",\"urlTemplate\":\"https:\/\/africagreentec.com.dev.kalayourlife.com\/fr\/?s={search_term_string}\"},\"query-input\":\"required name=search_term_string\"}],\"inLanguage\":\"fr-FR\"},{\"@type\":\"Organization\",\"@id\":\"https:\/\/africagreentec.com.dev.kalayourlife.com\/fr\/#organization\",\"name\":\"Africa GreenTec AG\",\"url\":\"https:\/\/africagreentec.com.dev.kalayourlife.com\/fr\/\",\"logo\":{\"@type\":\"ImageObject\",\"inLanguage\":\"fr-FR\",\"@id\":\"https:\/\/africagreentec.com.dev.kalayourlife.com\/fr\/#\/schema\/logo\/image\/\",\"url\":\"https:\/\/africagreentec.com.dev.kalayourlife.com\/wp-content\/uploads\/2023\/01\/AGT_Logo_BC-22-07-22.svg\",\"contentUrl\":\"https:\/\/africagreentec.com.dev.kalayourlife.com\/wp-content\/uploads\/2023\/01\/AGT_Logo_BC-22-07-22.svg\",\"width\":580,\"height\":249,\"caption\":\"Africa GreenTec AG\"},\"image\":{\"@id\":\"https:\/\/africagreentec.com.dev.kalayourlife.com\/fr\/#\/schema\/logo\/image\/\"},\"sameAs\":[\"https:\/\/de-de.facebook.com\/AfricaGreenTec\/\",\"https:\/\/twitter.com\/AfricaGreenTec\",\"https:\/\/de.linkedin.com\/company\/africa-greentec\",\"https:\/\/www.instagram.com\/africa_greentec\/\"]}]}<\/script>\n<!-- \/ Yoast SEO plugin. -->","yoast_head_json":{"title":"Contact - Africa GreenTec AG","robots":{"index":"noindex","follow":"follow","max-snippet":"max-snippet:-1","max-image-preview":"max-image-preview:large","max-video-preview":"max-video-preview:-1"},"og_locale":"fr_FR","og_type":"article","og_title":"Contact - Africa GreenTec AG","og_description":"Home Contact Prenez contact avec nous","og_url":"https:\/\/africagreentec.com.dev.kalayourlife.com\/fr\/contact\/","og_site_name":"Africa GreenTec AG","article_publisher":"https:\/\/de-de.facebook.com\/AfricaGreenTec\/","article_modified_time":"2024-08-13T08:30:38+00:00","twitter_card":"summary_large_image","twitter_site":"@AfricaGreenTec","twitter_misc":{"Dur\u00e9e de lecture estim\u00e9e":"1 minute"},"schema":{"@context":"https:\/\/schema.org","@graph":[{"@type":"WebPage","@id":"https:\/\/africagreentec.com.dev.kalayourlife.com\/fr\/contact\/","url":"https:\/\/africagreentec.com.dev.kalayourlife.com\/fr\/contact\/","name":"Contact - Africa GreenTec AG","isPartOf":{"@id":"https:\/\/africagreentec.com.dev.kalayourlife.com\/fr\/#website"},"datePublished":"2022-05-20T09:07:23+00:00","dateModified":"2024-08-13T08:30:38+00:00","breadcrumb":{"@id":"https:\/\/africagreentec.com.dev.kalayourlife.com\/fr\/contact\/#breadcrumb"},"inLanguage":"fr-FR","potentialAction":[{"@type":"ReadAction","target":["https:\/\/africagreentec.com.dev.kalayourlife.com\/fr\/contact\/"]}]},{"@type":"BreadcrumbList","@id":"https:\/\/africagreentec.com.dev.kalayourlife.com\/fr\/contact\/#breadcrumb","itemListElement":[{"@type":"ListItem","position":1,"name":"Startseite","item":"https:\/\/africagreentec.com.dev.kalayourlife.com\/fr\/"},{"@type":"ListItem","position":2,"name":"Contact"}]},{"@type":"WebSite","@id":"https:\/\/africagreentec.com.dev.kalayourlife.com\/fr\/#website","url":"https:\/\/africagreentec.com.dev.kalayourlife.com\/fr\/","name":"Africa GreenTec AG","description":"","publisher":{"@id":"https:\/\/africagreentec.com.dev.kalayourlife.com\/fr\/#organization"},"potentialAction":[{"@type":"SearchAction","target":{"@type":"EntryPoint","urlTemplate":"https:\/\/africagreentec.com.dev.kalayourlife.com\/fr\/?s={search_term_string}"},"query-input":"required name=search_term_string"}],"inLanguage":"fr-FR"},{"@type":"Organization","@id":"https:\/\/africagreentec.com.dev.kalayourlife.com\/fr\/#organization","name":"Africa GreenTec AG","url":"https:\/\/africagreentec.com.dev.kalayourlife.com\/fr\/","logo":{"@type":"ImageObject","inLanguage":"fr-FR","@id":"https:\/\/africagreentec.com.dev.kalayourlife.com\/fr\/#\/schema\/logo\/image\/","url":"https:\/\/africagreentec.com.dev.kalayourlife.com\/wp-content\/uploads\/2023\/01\/AGT_Logo_BC-22-07-22.svg","contentUrl":"https:\/\/africagreentec.com.dev.kalayourlife.com\/wp-content\/uploads\/2023\/01\/AGT_Logo_BC-22-07-22.svg","width":580,"height":249,"caption":"Africa GreenTec AG"},"image":{"@id":"https:\/\/africagreentec.com.dev.kalayourlife.com\/fr\/#\/schema\/logo\/image\/"},"sameAs":["https:\/\/de-de.facebook.com\/AfricaGreenTec\/","https:\/\/twitter.com\/AfricaGreenTec","https:\/\/de.linkedin.com\/company\/africa-greentec","https:\/\/www.instagram.com\/africa_greentec\/"]}]}},"_links":{"self":[{"href":"https:\/\/africagreentec.com.dev.kalayourlife.com\/fr\/wp-json\/wp\/v2\/pages\/6019"}],"collection":[{"href":"https:\/\/africagreentec.com.dev.kalayourlife.com\/fr\/wp-json\/wp\/v2\/pages"}],"about":[{"href":"https:\/\/africagreentec.com.dev.kalayourlife.com\/fr\/wp-json\/wp\/v2\/types\/page"}],"author":[{"embeddable":true,"href":"https:\/\/africagreentec.com.dev.kalayourlife.com\/fr\/wp-json\/wp\/v2\/users\/2"}],"replies":[{"embeddable":true,"href":"https:\/\/africagreentec.com.dev.kalayourlife.com\/fr\/wp-json\/wp\/v2\/comments?post=6019"}],"version-history":[{"count":13,"href":"https:\/\/africagreentec.com.dev.kalayourlife.com\/fr\/wp-json\/wp\/v2\/pages\/6019\/revisions"}],"predecessor-version":[{"id":39674,"href":"https:\/\/africagreentec.com.dev.kalayourlife.com\/fr\/wp-json\/wp\/v2\/pages\/6019\/revisions\/39674"}],"wp:attachment":[{"href":"https:\/\/africagreentec.com.dev.kalayourlife.com\/fr\/wp-json\/wp\/v2\/media?parent=6019"}],"curies":[{"name":"wp","href":"https:\/\/api.w.org\/{rel}","templated":true}]}}